{"id":8491,"date":"2019-06-14T10:24:08","date_gmt":"2019-06-14T10:24:08","guid":{"rendered":"http:\/\/lurex.ee\/?post_type=product&#038;p=8491"},"modified":"2024-04-08T16:06:24","modified_gmt":"2024-04-08T16:06:24","slug":"hipster-120f-cl-3","status":"publish","type":"product","link":"http:\/\/lurex.ee\/et\/p\/hipster-120f-cl-3\/","title":{"rendered":"Hipster 120F-CL 3"},"content":{"rendered":"<p><strong>Materjal<br \/>\n<\/strong><br \/>\nS\u00f6\u00f6da korpus on valmistatud \u00fclitugevast ABC-plastikust!<\/p>\n<p><strong><br \/>\nRiistvara<\/strong><\/p>\n<p>S\u00f6\u00f6t on varustatud meresarja \u00fclitugevate konksud, mis ei v\u00f5imalda korduval kasutamisel roostetada ega kaota oma omadusi nii meres kui ka magedas vees! konksud on v\u00e4ga teravad, painutatud k\u00e4sivarrega sissepoole, mis v\u00f5imaldab teil kalu v\u00e4himagi puudutuse korral t\u00e4pselt kinni hoida ja tihedalt kinni hoida.<\/p>\n<p><strong><br \/>\nKate (VLP)<br \/>\n<\/strong><br \/>\nMe k\u00f5ik teame, et s\u00f6\u00f6da ohutuse oluline aspekt on s\u00f6\u00f6da \u00fclemise kihi kaitsmine lakiga kiskjate hammaste m\u00f5ju eest. Katame oma s\u00f6\u00f6dad 3. kihiga, \u00fclitugeva spetsialiseeritud lakiga, mis v\u00f5imaldab meil s\u00e4ilitada s\u00f6\u00f6da v\u00e4limuse ja kaitsta seda kiskjate hammaste m\u00f5ju eest.<\/p>","protected":false},"excerpt":{"rendered":"<p>Pikkus: <strong>120\u00a0mm<\/strong><\/p>\n<p>Kaal: <strong>12,5 g<\/strong><\/p>\n<p>T\u00fc\u00fcp: <strong>Ujuv<\/strong><\/p>\n<p>S\u00fcgavus: <strong>0 &#8211; 0,8 m<\/strong><\/p>\n<p>Konksu suurus: <strong>#6<\/strong><\/p>\n","protected":false},"featured_media":10670,"template":"","meta":[],"_links":{"self":[{"href":"http:\/\/lurex.ee\/et\/wp-json\/wp\/v2\/product\/8491"}],"collection":[{"href":"http:\/\/lurex.ee\/et\/wp-json\/wp\/v2\/product"}],"about":[{"href":"http:\/\/lurex.ee\/et\/wp-json\/wp\/v2\/types\/product"}],"wp:featuredmedia":[{"embeddable":true,"href":"http:\/\/lurex.ee\/et\/wp-json\/wp\/v2\/media\/10670"}],"wp:attachment":[{"href":"http:\/\/lurex.ee\/et\/wp-json\/wp\/v2\/media?parent=8491"}],"curies":[{"name":"wp","href":"https:\/\/api.w.org\/{rel}","templated":true}]}}