{"id":14050,"date":"2025-04-28T19:48:32","date_gmt":"2025-04-28T19:48:32","guid":{"rendered":"http:\/\/lurex.ee\/et\/?post_type=product&#038;p=14050"},"modified":"2025-09-23T07:28:41","modified_gmt":"2025-09-23T07:28:41","slug":"banan-70f-cl-15","status":"publish","type":"product","link":"https:\/\/lurex.ee\/et\/p\/banan-75f-cl-15\/","title":{"rendered":"Banan 70F &#8211; Cl 15"},"content":{"rendered":"<p>Koopia legendaarsest Baltika-1 spinnerist, rahvasuus tuntud kui \u201cPeterburi banaan\u201d, mis sai oma nime t\u00e4nu oma k\u00f5verale kujule. Selle s\u00f6\u00f6da t\u00f6\u00f6tasid algselt v\u00e4lja N\u00f5ukogude insenerid haugi s\u00f6\u00f6daks. See vobler, spinner, on ennast suurep\u00e4raselt t\u00f5estanud haugi, ahvena ja teiste r\u00f6\u00f6vkalaliikide p\u00fc\u00fcdmisel. N\u00f5ukogude ajal, kui s\u00f6\u00f6ta nii palju ei olnud, hakkasid kalurid seda voblerit l\u00f5he p\u00fc\u00fcdmiseks aktiivselt kasutama. See vobler on Baltikumi kalameeste seas v\u00e4ga populaarne ja on \u00fcks trofeekalade p\u00fc\u00fcgi standardeid.<\/p>","protected":false},"excerpt":{"rendered":"<p>Pikkus:<strong> 75 mm<\/strong><\/p>\n<p>Kaal:\u00a0<strong>13,5 g<\/strong><\/p>\n<p>T\u00fc\u00fcp:\u00a0<strong>Ujuv<\/strong><\/p>\n<p>S\u00fcgavus:\u00a0<strong>0 \u2013 1,6 m<\/strong><\/p>\n<p>Konksu suurus:\u00a0<strong>#6, #4<\/strong><\/p>\n","protected":false},"featured_media":14051,"template":"","meta":[],"_links":{"self":[{"href":"https:\/\/lurex.ee\/et\/wp-json\/wp\/v2\/product\/14050"}],"collection":[{"href":"https:\/\/lurex.ee\/et\/wp-json\/wp\/v2\/product"}],"about":[{"href":"https:\/\/lurex.ee\/et\/wp-json\/wp\/v2\/types\/product"}],"wp:featuredmedia":[{"embeddable":true,"href":"https:\/\/lurex.ee\/et\/wp-json\/wp\/v2\/media\/14051"}],"wp:attachment":[{"href":"https:\/\/lurex.ee\/et\/wp-json\/wp\/v2\/media?parent=14050"}],"curies":[{"name":"wp","href":"https:\/\/api.w.org\/{rel}","templated":true}]}}